{"id":390,"date":"2021-06-06T14:07:10","date_gmt":"2021-06-06T14:07:10","guid":{"rendered":"https:\/\/www.chatatatry.cz\/?page_id=390"},"modified":"2021-06-27T12:29:58","modified_gmt":"2021-06-27T12:29:58","slug":"kontakt-sk","status":"publish","type":"page","link":"https:\/\/www.chatatatry.cz\/index.php\/home\/kontakt-sk\/","title":{"rendered":"KONTAKT SK"},"content":{"rendered":"\t\t<div data-elementor-type=\"wp-page\" data-elementor-id=\"390\" class=\"elementor elementor-390\">\n\t\t\t\t\t\t\t\t\t<section class=\"elementor-section elementor-top-section elementor-element elementor-element-279b9171 elementor-section-boxed elementor-section-height-default elementor-section-height-default\" data-id=\"279b9171\" data-element_type=\"section\">\n\t\t\t\t\t\t<div class=\"elementor-container elementor-column-gap-default\">\n\t\t\t\t\t<div class=\"elementor-column elementor-col-100 elementor-top-column elementor-element elementor-element-1e744edf\" data-id=\"1e744edf\" data-element_type=\"column\">\n\t\t\t<div class=\"elementor-widget-wrap elementor-element-populated\">\n\t\t\t\t\t\t\t\t<div class=\"elementor-element elementor-element-e364b74 elementor-widget elementor-widget-spacer\" data-id=\"e364b74\" data-element_type=\"widget\" data-widget_type=\"spacer.default\">\n\t\t\t\t<div class=\"elementor-widget-container\">\n\t\t\t\t\t<div class=\"elementor-spacer\">\n\t\t\t<div class=\"elementor-spacer-inner\"><\/div>\n\t\t<\/div>\n\t\t\t\t<\/div>\n\t\t\t\t<\/div>\n\t\t\t\t\t<\/div>\n\t\t<\/div>\n\t\t\t\t\t\t\t<\/div>\n\t\t<\/section>\n\t\t\t\t<section class=\"elementor-section elementor-top-section elementor-element elementor-element-6277a930 elementor-section-content-middle elementor-reverse-mobile elementor-section-boxed elementor-section-height-default elementor-section-height-default\" data-id=\"6277a930\" data-element_type=\"section\">\n\t\t\t\t\t\t<div class=\"elementor-container elementor-column-gap-default\">\n\t\t\t\t\t<div class=\"elementor-column elementor-col-50 elementor-top-column elementor-element elementor-element-49f0ca00\" data-id=\"49f0ca00\" data-element_type=\"column\">\n\t\t\t<div class=\"elementor-widget-wrap elementor-element-populated\">\n\t\t\t\t\t\t\t\t<div class=\"elementor-element elementor-element-155c6a68 elementor-widget elementor-widget-heading\" data-id=\"155c6a68\" data-element_type=\"widget\" data-widget_type=\"heading.default\">\n\t\t\t\t<div class=\"elementor-widget-container\">\n\t\t\t<h3 class=\"elementor-heading-title elementor-size-default\">Kontakt<\/h3>\t\t<\/div>\n\t\t\t\t<\/div>\n\t\t\t\t<div class=\"elementor-element elementor-element-8804e9c elementor-widget elementor-widget-text-editor\" data-id=\"8804e9c\" data-element_type=\"widget\" data-widget_type=\"text-editor.default\">\n\t\t\t\t<div class=\"elementor-widget-container\">\n\t\t\t\t\t\t\t<p><b>Chatatatry \u010d. 115,<\/b><\/p><p><b>Holiday Village Tatralandia<\/b><\/p><p>\u00a0<\/p><p><span style=\"font-weight: 400;\">Liptovsk\u00fd Mikul\u00e1\u0161 &#8211; Liptovsk\u00e1 Ondra\u0161ov\u00e1, <\/span><\/p><p><span style=\"font-weight: 400;\">R\u00e1ztock\u00e1 21, 031 05<\/span><\/p><p>\u00a0<\/p><p><span style=\"font-weight: 400;\">Tel:\u00a0<\/span><span style=\"font-weight: 400;\">\u00a0\u00a0\u00a0<\/span> <span style=\"font-weight: 400;\">+420 608 113 646<\/span><\/p><p><span style=\"font-weight: 400;\">\u00a0 \u00a0 \u00a0 \u00a0 \u00a0\u00a0<\/span> <span style=\"font-weight: 400;\">+420 602 355 652<\/span><\/p><p>\u00a0<\/p><p><span style=\"font-weight: 400;\">mail: <\/span><a href=\"mailto:info@chatatatry.cz\"><span style=\"font-weight: 400;\">info@chatatatry.cz<\/span><\/a><\/p>\t\t\t\t\t\t<\/div>\n\t\t\t\t<\/div>\n\t\t\t\t<div class=\"elementor-element elementor-element-03ae7e6 elementor-widget elementor-widget-wp-widget-zoom-social-icons-widget\" data-id=\"03ae7e6\" data-element_type=\"widget\" data-widget_type=\"wp-widget-zoom-social-icons-widget.default\">\n\t\t\t\t<div class=\"elementor-widget-container\">\n\t\t\t\n\t\t\n<ul class=\"zoom-social-icons-list zoom-social-icons-list--with-canvas zoom-social-icons-list--round zoom-social-icons-list--no-labels\">\n\n\t\t\n\t\t\t\t<li class=\"zoom-social_icons-list__item\">\n\t\t<a class=\"zoom-social_icons-list__link\" href=\"https:\/\/www.facebook.com\/Chatatatry\/\" target=\"_blank\" title=\"Facebook\" >\n\t\t\t\t\t\t\t\t\t\n\t\t\t\t\t\t<span class=\"screen-reader-text\">facebook<\/span>\n\t\t\t\n\t\t\t\t\t\t<span class=\"zoom-social_icons-list-span social-icon socicon socicon-facebook\" data-hover-rule=\"background-color\" data-hover-color=\"#1877F2\" style=\"background-color : #1877F2; font-size: 18px; padding:8px\" ><\/span>\n\t\t\t\n\t\t\t\t\t<\/a>\n\t<\/li>\n\n\t\n\t\t\t\t<li class=\"zoom-social_icons-list__item\">\n\t\t<a class=\"zoom-social_icons-list__link\" href=\"https:\/\/www.instagram.com\/chatatatry115\/\" target=\"_blank\" title=\"Instagram\" >\n\t\t\t\t\t\t\t\t\t\n\t\t\t\t\t\t<span class=\"screen-reader-text\">instagram<\/span>\n\t\t\t\n\t\t\t\t\t\t<span class=\"zoom-social_icons-list-span social-icon socicon socicon-instagram\" data-hover-rule=\"background-color\" data-hover-color=\"#ea15e7\" style=\"background-color : #e4405f; font-size: 18px; padding:8px\" ><\/span>\n\t\t\t\n\t\t\t\t\t<\/a>\n\t<\/li>\n\n\t\n<\/ul>\n\n\t\t\t\t<\/div>\n\t\t\t\t<\/div>\n\t\t\t\t<div class=\"elementor-element elementor-element-3f8416e elementor-align-justify elementor-widget elementor-widget-button\" data-id=\"3f8416e\" data-element_type=\"widget\" data-widget_type=\"button.default\">\n\t\t\t\t<div class=\"elementor-widget-container\">\n\t\t\t\t\t<div class=\"elementor-button-wrapper\">\n\t\t\t<a href=\"https:\/\/www.chatatatry.cz\/index.php\/home\/r\/\" class=\"elementor-button-link elementor-button elementor-size-sm\" role=\"button\">\n\t\t\t\t\t\t<span class=\"elementor-button-content-wrapper\">\n\t\t\t\t\t\t\t<span class=\"elementor-button-icon elementor-align-icon-right\">\n\t\t\t\t<i aria-hidden=\"true\" class=\"fas fa-angle-double-right\"><\/i>\t\t\t<\/span>\n\t\t\t\t\t\t<span class=\"elementor-button-text\">Rezervova\u0165 term\u00edn<\/span>\n\t\t<\/span>\n\t\t\t\t\t<\/a>\n\t\t<\/div>\n\t\t\t\t<\/div>\n\t\t\t\t<\/div>\n\t\t\t\t\t<\/div>\n\t\t<\/div>\n\t\t\t\t<div class=\"elementor-column elementor-col-50 elementor-top-column elementor-element elementor-element-23c9f65b\" data-id=\"23c9f65b\" data-element_type=\"column\">\n\t\t\t<div class=\"elementor-widget-wrap elementor-element-populated\">\n\t\t\t\t\t\t\t\t<div class=\"elementor-element elementor-element-58dfda1 elementor-widget elementor-widget-google_maps\" data-id=\"58dfda1\" data-element_type=\"widget\" data-widget_type=\"google_maps.default\">\n\t\t\t\t<div class=\"elementor-widget-container\">\n\t\t\t\t\t<div class=\"elementor-custom-embed\">\n\t\t\t<iframe frameborder=\"0\" scrolling=\"no\" marginheight=\"0\" marginwidth=\"0\"\n\t\t\t\t\tsrc=\"https:\/\/maps.google.com\/maps?q=49.108677%2C%2019.576224&#038;t=m&#038;z=13&#038;output=embed&#038;iwloc=near\"\n\t\t\t\t\ttitle=\"49.108677, 19.576224\"\n\t\t\t\t\taria-label=\"49.108677, 19.576224\"\n\t\t\t><\/iframe>\n\t\t<\/div>\n\t\t\t\t<\/div>\n\t\t\t\t<\/div>\n\t\t\t\t\t<\/div>\n\t\t<\/div>\n\t\t\t\t\t\t\t<\/div>\n\t\t<\/section>\n\t\t\t\t<section class=\"elementor-section elementor-top-section elementor-element elementor-element-51b7ec0b elementor-section-content-middle elementor-section-boxed elementor-section-height-default elementor-section-height-default\" data-id=\"51b7ec0b\" data-element_type=\"section\">\n\t\t\t\t\t\t<div class=\"elementor-container elementor-column-gap-default\">\n\t\t\t\t\t<div class=\"elementor-column elementor-col-50 elementor-top-column elementor-element elementor-element-38dee975\" data-id=\"38dee975\" data-element_type=\"column\">\n\t\t\t<div class=\"elementor-widget-wrap elementor-element-populated\">\n\t\t\t\t\t\t\t\t<div class=\"elementor-element elementor-element-8b883a8 elementor-widget elementor-widget-heading\" data-id=\"8b883a8\" data-element_type=\"widget\" data-widget_type=\"heading.default\">\n\t\t\t\t<div class=\"elementor-widget-container\">\n\t\t\t<h3 class=\"elementor-heading-title elementor-size-default\">Kontaktujte n\u00e1s<\/h3>\t\t<\/div>\n\t\t\t\t<\/div>\n\t\t\t\t<div class=\"elementor-element elementor-element-92b4d33 elementor-widget elementor-widget-shortcode\" data-id=\"92b4d33\" data-element_type=\"widget\" data-widget_type=\"shortcode.default\">\n\t\t\t\t<div class=\"elementor-widget-container\">\n\t\t\t\t\t<div class=\"elementor-shortcode\">[contact-form-7 id=\"62\" title=\"Kontaktn\u00ed formul\u00e1\u0159 1\"]<\/div>\n\t\t\t\t<\/div>\n\t\t\t\t<\/div>\n\t\t\t\t\t<\/div>\n\t\t<\/div>\n\t\t\t\t<div class=\"elementor-column elementor-col-50 elementor-top-column elementor-element elementor-element-7655b3f5\" data-id=\"7655b3f5\" data-element_type=\"column\">\n\t\t\t<div class=\"elementor-widget-wrap elementor-element-populated\">\n\t\t\t\t\t\t\t\t<div class=\"elementor-element elementor-element-13435ab3 elementor-widget elementor-widget-heading\" data-id=\"13435ab3\" data-element_type=\"widget\" data-widget_type=\"heading.default\">\n\t\t\t\t<div class=\"elementor-widget-container\">\n\t\t\t<h3 class=\"elementor-heading-title elementor-size-default\">Ako sa k n\u00e1m dostanete   <\/h3>\t\t<\/div>\n\t\t\t\t<\/div>\n\t\t\t\t<div class=\"elementor-element elementor-element-78b63e27 elementor-drop-cap-yes elementor-drop-cap-view-default elementor-widget elementor-widget-text-editor\" data-id=\"78b63e27\" data-element_type=\"widget\" data-settings=\"{&quot;drop_cap&quot;:&quot;yes&quot;}\" data-widget_type=\"text-editor.default\">\n\t\t\t\t<div class=\"elementor-widget-container\">\n\t\t\t\t\t\t\t<p><strong>Autom<\/strong>\u00a0\u2013 dia\u013enica D1 zo z\u00e1padu aj v\u00fdchodu \u2013 odbo\u010dka na Liptovsk\u00fd Mikul\u00e1\u0161 a odtia\u013e smerom na severoz\u00e1pad na Liptovsk\u00fd Trnovec.<\/p><p><strong>Autobusom\u00a0<\/strong>\u2013 autobusov\u00e1 stanica mesta Liptovsk\u00fd Mikul\u00e1\u0161 je len 3 km od Aquaparku, odtia\u013e chodia pr\u00edmestsk\u00e9 linky na Liptovsk\u00fd Trnovec a \u010fal\u0161ie obce resp. do Liptovskej Ondra\u0161ovej, potom je to u\u017e len nieko\u013eko desiatok metrov pe\u0161o. V letnej sez\u00f3ne prem\u00e1va mestsk\u00e1 hromadn\u00e1 doprava \u2013 autobus s \u010d\u00edslom 13.<\/p><p><strong>Vlakom<\/strong>\u00a0\u2013 vlakov\u00e1 stanica Liptovsk\u00fd Mikul\u00e1\u0161 je len 3 km od Aquaparku a autobusov\u00e9 pr\u00edmestsk\u00e9 linky na Liptovsk\u00fd Trnovec a \u010fal\u0161ie obce v\u00e1s odvez\u00fa do Liptovskej Ondra\u0161ovej, odkia\u013e je to u\u017e len nieko\u013eko desiatok metrov pe\u0161o.<\/p><p><strong>Lietadlom<\/strong>\u00a0\u2013 pr\u00edlet na letisko Poprad-Tatry a odtia\u013e u\u017e smerom na z\u00e1pad do Liptovsk\u00e9ho Mikul\u00e1\u0161a autom, autobusom alebo vlakom.<\/p>\t\t\t\t\t\t<\/div>\n\t\t\t\t<\/div>\n\t\t\t\t\t<\/div>\n\t\t<\/div>\n\t\t\t\t\t\t\t<\/div>\n\t\t<\/section>\n\t\t\t\t\t\t\t<\/div>\n\t\t","protected":false},"excerpt":{"rendered":"<p>Kontakt Chatatatry \u010d. 115, Holiday Village Tatralandia \u00a0 Liptovsk\u00fd Mikul\u00e1\u0161 &#8211; Liptovsk\u00e1 Ondra\u0161ov\u00e1, R\u00e1ztock\u00e1 21, 031 05 \u00a0 Tel:\u00a0\u00a0\u00a0\u00a0 +420 608 113 646 \u00a0 \u00a0 \u00a0 \u00a0 \u00a0\u00a0 +420 602 355 652 \u00a0 mail: info@chatatatry.cz Rezervova\u0165 term\u00edn Kontaktujte n\u00e1s [contact-form-7 id=&#8220;62&#8243; title=&#8220;Kontaktn\u00ed formul\u00e1\u0159 1&#8243;] Ako sa k n\u00e1m dostanete Autom\u00a0\u2013 dia\u013enica D1 zo z\u00e1padu aj [&hellip;]<\/p>\n","protected":false},"author":1,"featured_media":0,"parent":305,"menu_order":0,"comment_status":"closed","ping_status":"closed","template":"elementor_header_footer","meta":{"footnotes":""},"_links":{"self":[{"href":"https:\/\/www.chatatatry.cz\/index.php\/wp-json\/wp\/v2\/pages\/390"}],"collection":[{"href":"https:\/\/www.chatatatry.cz\/index.php\/wp-json\/wp\/v2\/pages"}],"about":[{"href":"https:\/\/www.chatatatry.cz\/index.php\/wp-json\/wp\/v2\/types\/page"}],"author":[{"embeddable":true,"href":"https:\/\/www.chatatatry.cz\/index.php\/wp-json\/wp\/v2\/users\/1"}],"replies":[{"embeddable":true,"href":"https:\/\/www.chatatatry.cz\/index.php\/wp-json\/wp\/v2\/comments?post=390"}],"version-history":[{"count":16,"href":"https:\/\/www.chatatatry.cz\/index.php\/wp-json\/wp\/v2\/pages\/390\/revisions"}],"predecessor-version":[{"id":447,"href":"https:\/\/www.chatatatry.cz\/index.php\/wp-json\/wp\/v2\/pages\/390\/revisions\/447"}],"up":[{"embeddable":true,"href":"https:\/\/www.chatatatry.cz\/index.php\/wp-json\/wp\/v2\/pages\/305"}],"wp:attachment":[{"href":"https:\/\/www.chatatatry.cz\/index.php\/wp-json\/wp\/v2\/media?parent=390"}],"curies":[{"name":"wp","href":"https:\/\/api.w.org\/{rel}","templated":true}]}}